{"id":2,"date":"2017-09-21T23:35:52","date_gmt":"2017-09-21T20:35:52","guid":{"rendered":"http:\/\/www.appsiu.fi\/esimerkkiyritys\/?page_id=2"},"modified":"2017-09-22T01:31:51","modified_gmt":"2017-09-21T22:31:51","slug":"esimerkkisivu","status":"publish","type":"page","link":"https:\/\/www.appsiu.fi\/esimerkkiyritys\/","title":{"rendered":"Etusivu"},"content":{"rendered":"<p><strong>Yritys Oy<\/strong> on h\u00e4rp\u00e4kejohtamiseen erikoistunut palveluyritys. Toimimme valtakunnallisesti eri puolilla Suomea yli 300 asiantuntijan voimin. Asiakkainamme on muun muassa vakavaraisia yksityisi\u00e4 ja julkisia omistajia ja k\u00e4ytt\u00e4ji\u00e4, rahastoyhti\u00f6it\u00e4, pankkeja ja muita alan toimijoita.<\/p>\n<p>Palveluitamme ovat h\u00e4rp\u00e4ke- ja kikotintuotannon johtaminen, kikotinvuokraus- ja h\u00e4rp\u00e4kehallintopalvelut sek\u00e4 kikotinv\u00e4litys ja arviointipalvelut. Lis\u00e4ksi tarjoamme kansainv\u00e4lisi\u00e4 kikotinarviointi-, transaktio- ja h\u00e4rp\u00e4ketutkimuspalveluita yhteisty\u00f6ss\u00e4 CiGoTin Ltd. kanssa. Kuluttaja-asiakkaita kilistinvuokraamiseen liittyviss\u00e4 asioissa Kikotin Management palvelee KikoMan -br\u00e4ndill\u00e4.<\/p>\n","protected":false},"excerpt":{"rendered":"<p>Yritys Oy on h\u00e4rp\u00e4kejohtamiseen erikoistunut palveluyritys. Toimimme valtakunnallisesti eri puolilla Suomea yli 300 asiantuntijan voimin. Asiakkainamme on muun muassa vakavaraisia yksityisi\u00e4 ja julkisia omistajia ja k\u00e4ytt\u00e4ji\u00e4, rahastoyhti\u00f6it\u00e4, pankkeja ja muita alan toimijoita. Palveluitamme ovat h\u00e4rp\u00e4ke- ja kikotintuotannon johtaminen, kikotinvuokraus- ja h\u00e4rp\u00e4kehallintopalvelut sek\u00e4 kikotinv\u00e4litys ja arviointipalvelut. Lis\u00e4ksi tarjoamme kansainv\u00e4lisi\u00e4 kikotinarviointi-, transaktio- ja h\u00e4rp\u00e4ketutkimuspalveluita yhteisty\u00f6ss\u00e4 CiGoTin Ltd. [&hellip;]<\/p>\n","protected":false},"author":4,"featured_media":25,"parent":0,"menu_order":0,"comment_status":"closed","ping_status":"open","template":"","meta":{"om_disable_all_campaigns":false,"_exactmetrics_skip_tracking":false,"_exactmetrics_sitenote_active":false,"_exactmetrics_sitenote_note":"","_exactmetrics_sitenote_category":0,"_monsterinsights_skip_tracking":false,"_monsterinsights_sitenote_active":false,"_monsterinsights_sitenote_note":"","_monsterinsights_sitenote_category":0,"_uf_show_specific_survey":0,"_uf_disable_surveys":false,"footnotes":""},"class_list":["post-2","page","type-page","status-publish","has-post-thumbnail","czr-hentry"],"aioseo_notices":[],"_links":{"self":[{"href":"https:\/\/www.appsiu.fi\/esimerkkiyritys\/wp-json\/wp\/v2\/pages\/2","targetHints":{"allow":["GET"]}}],"collection":[{"href":"https:\/\/www.appsiu.fi\/esimerkkiyritys\/wp-json\/wp\/v2\/pages"}],"about":[{"href":"https:\/\/www.appsiu.fi\/esimerkkiyritys\/wp-json\/wp\/v2\/types\/page"}],"author":[{"embeddable":true,"href":"https:\/\/www.appsiu.fi\/esimerkkiyritys\/wp-json\/wp\/v2\/users\/4"}],"replies":[{"embeddable":true,"href":"https:\/\/www.appsiu.fi\/esimerkkiyritys\/wp-json\/wp\/v2\/comments?post=2"}],"version-history":[{"count":7,"href":"https:\/\/www.appsiu.fi\/esimerkkiyritys\/wp-json\/wp\/v2\/pages\/2\/revisions"}],"predecessor-version":[{"id":66,"href":"https:\/\/www.appsiu.fi\/esimerkkiyritys\/wp-json\/wp\/v2\/pages\/2\/revisions\/66"}],"wp:featuredmedia":[{"embeddable":true,"href":"https:\/\/www.appsiu.fi\/esimerkkiyritys\/wp-json\/wp\/v2\/media\/25"}],"wp:attachment":[{"href":"https:\/\/www.appsiu.fi\/esimerkkiyritys\/wp-json\/wp\/v2\/media?parent=2"}],"curies":[{"name":"wp","href":"https:\/\/api.w.org\/{rel}","templated":true}]}}